{"id":2064,"date":"2023-07-10T16:08:57","date_gmt":"2023-07-10T16:08:57","guid":{"rendered":"https:\/\/durwenmagyarorszag.hu\/?post_type=product&#038;p=2064"},"modified":"2023-10-03T13:14:46","modified_gmt":"2023-10-03T13:14:46","slug":"dst-1-0-dst-1-0-1-es-dst-1-1-tipusu-dupla-es-tripla-oldalmozgato-adapter","status":"publish","type":"product","link":"https:\/\/durwenmagyarorszag.hu\/en\/termekek\/dst-1-0-dst-1-0-1-es-dst-1-1-tipusu-dupla-es-tripla-oldalmozgato-adapter","title":{"rendered":"DST 1-0, DST 1-0-1 and DST 1-1 double and triple side-shifting attachment"},"content":{"rendered":"<h3>DST 1-0-1 and 1-1 Datasheet<\/h3>\n<p><a href=\"https:\/\/durwenmagyarorszag.hu\/wp-content\/uploads\/2023\/07\/ADATLAP_DST_1-0-1_DST_1-1.pdf\" target=\"_blank\" rel=\"noopener\"><img loading=\"lazy\" decoding=\"async\" class=\"alignnone size-medium wp-image-1500\" src=\"https:\/\/durwenmagyarorszag.hu\/wp-content\/uploads\/2023\/07\/ADATLAP_DST_1-0-1_DST_1-1-206x300.png\" alt=\"ADATLAP_DST_1-0-1_DST_1-1 k\u00e9p\" width=\"209\" height=\"300\" \/><\/p>\n<p>Download (PDF)<\/a><\/p>\n<p>&nbsp;<\/p>","protected":false},"excerpt":{"rendered":"<p>By handling 2, 3 or 4 pallets at one time by the multiple sideshifts from Durwen, efficiency can be inceased dramatically. Multiple sideshifts have fork carriages with fied fork set spread. \nThe DST 1-0 type double sideshift has two fork carriages. One carriage is fixed, one carriage is hydraulically driven. It has also one main sideshift which moves the complete unit. The DST 1-0-1 type triple sideshift has three fork carriages. The centre carriage is fixed, the outer carriages are hydraulically driven. It also has one main sideshift. The DST 1-1 type triple sideshift has two carriages, both are hydraulically driven. It also has one main sideshift which moves the complete unit.<br \/>\nA DST 1-0 t\u00edpus\u00fa dupla oldalmozgat\u00f3 k\u00e9t villakocsival rendelkezik. Az egyik villakocsi r\u00f6gz\u00edtett, a m\u00e1sik mozgathat\u00f3. Emellett a f\u0151 oldalmozgat\u00f3 munkahengerrel az eg\u00e9sz szerkezetet mozgatja.<br \/>\nA DST 1-0-1 t\u00edpus\u00fa tripla oldalmozgat\u00f3 h\u00e1rom villakocsival rendelkezik, melyek k\u00f6z\u00fcl a k\u00f6z\u00e9ps\u0151 r\u00f6gz\u00edtett, a k\u00e9t sz\u00e9ls\u0151 \u00e1ll\u00edthat\u00f3. Ez a t\u00edpus is rendelkezik a m\u00e1r eml\u00edtett f\u0151 oldalmozgat\u00f3 munkahengerrel is.<br \/>\nA DST 1-1 t\u00edpus\u00fa tripla oldalmozgat\u00f3 adapter mindk\u00e9t villakocsija \u00e1ll\u00edthat\u00f3, ak\u00e1r egym\u00e1st\u00f3l f\u00fcggetlen\u00fcl is, tov\u00e1bb\u00e1 a f\u0151 oldalmozgat\u00f3 munkahengerrel az eg\u00e9sz szerkezetet mozgathat\u00f3.<br \/>\n&nbsp;<br \/>\n<a href=\"https:\/\/durwenmagyarorszag.hu\/en\/kapcsolat\/\" rel=\"noopener\"><button>Request an offer<\/button><\/a><\/p>\n<p>&nbsp;<\/p>","protected":false},"featured_media":2067,"template":"","meta":{"_kadence_starter_templates_imported_post":true,"_kad_post_transparent":"default","_kad_post_title":"","_kad_post_layout":"default","_kad_post_sidebar_id":"","_kad_post_content_style":"default","_kad_post_vertical_padding":"default","_kad_post_feature":"","_kad_post_feature_position":"","_kad_post_header":false,"_kad_post_footer":false},"product_brand":[],"product_cat":[35],"product_tag":[184,185,188,190,187,186,189],"class_list":{"0":"post-2064","1":"product","2":"type-product","3":"status-publish","4":"has-post-thumbnail","6":"product_cat-egyeb_adapterek","7":"product_tag-dst","8":"product_tag-dst-1-0","9":"product_tag-dst-1-0-1","10":"product_tag-dst-1-2","11":"product_tag-dupla-oldalmozgato-adapter","12":"product_tag-oldalmozgato-adapter","13":"product_tag-tripla-oldalmozgato-adapter","15":"first","16":"instock","17":"featured","18":"shipping-taxable","19":"purchasable","20":"product-type-simple","21":"entry","22":"content-bg","23":"loop-entry"},"_links":{"self":[{"href":"https:\/\/durwenmagyarorszag.hu\/en\/wp-json\/wp\/v2\/product\/2064","targetHints":{"allow":["GET"]}}],"collection":[{"href":"https:\/\/durwenmagyarorszag.hu\/en\/wp-json\/wp\/v2\/product"}],"about":[{"href":"https:\/\/durwenmagyarorszag.hu\/en\/wp-json\/wp\/v2\/types\/product"}],"wp:featuredmedia":[{"embeddable":true,"href":"https:\/\/durwenmagyarorszag.hu\/en\/wp-json\/wp\/v2\/media\/2067"}],"wp:attachment":[{"href":"https:\/\/durwenmagyarorszag.hu\/en\/wp-json\/wp\/v2\/media?parent=2064"}],"wp:term":[{"taxonomy":"product_brand","embeddable":true,"href":"https:\/\/durwenmagyarorszag.hu\/en\/wp-json\/wp\/v2\/product_brand?post=2064"},{"taxonomy":"product_cat","embeddable":true,"href":"https:\/\/durwenmagyarorszag.hu\/en\/wp-json\/wp\/v2\/product_cat?post=2064"},{"taxonomy":"product_tag","embeddable":true,"href":"https:\/\/durwenmagyarorszag.hu\/en\/wp-json\/wp\/v2\/product_tag?post=2064"}],"curies":[{"name":"wp","href":"https:\/\/api.w.org\/{rel}","templated":true}]}}